{"id":1520,"date":"2024-06-24T14:21:58","date_gmt":"2024-06-24T14:21:58","guid":{"rendered":"https:\/\/laundrykaron.com\/?page_id=1520"},"modified":"2024-12-03T08:29:20","modified_gmt":"2024-12-03T08:29:20","slug":"pracovna-2","status":"publish","type":"page","link":"https:\/\/www.laundrykata.com\/sk\/pracovna-2\/","title":{"rendered":"LaundryBox"},"content":{"rendered":"<div data-elementor-type=\"wp-page\" data-elementor-id=\"1520\" class=\"elementor elementor-1520\">\n\t\t\t\t<div class=\"elementor-element elementor-element-8f3e55a e-flex e-con-boxed e-con e-parent\" data-id=\"8f3e55a\" data-element_type=\"container\" data-e-type=\"container\" data-settings=\"{&quot;jet_parallax_layout_list&quot;:[]}\">\n\t\t\t\t\t<div class=\"e-con-inner\">\n\t\t\t\t<div class=\"elementor-element elementor-element-40376f2 elementor-widget elementor-widget-image\" data-id=\"40376f2\" data-element_type=\"widget\" data-e-type=\"widget\" data-widget_type=\"image.default\">\n\t\t\t\t\t\t\t\t\t\t\t\t\t\t\t\t<a href=\"\/sk\/pracovna-2\/\">\n\t\t\t\t\t\t\t<img decoding=\"async\" width=\"289\" height=\"28\" src=\"https:\/\/www.laundrykata.com\/wp-content\/uploads\/2024\/07\/logo-LaundryBox.svg\" class=\"attachment-full size-full wp-image-1640\" alt=\"\" \/>\t\t\t\t\t\t\t\t<\/a>\n\t\t\t\t\t\t\t\t\t\t\t\t\t\t\t<\/div>\n\t\t\t\t\t<\/div>\n\t\t\t\t<\/div>\n\t\t<div class=\"elementor-element elementor-element-3ea0824 jedv-enabled--yes e-flex e-con-boxed e-con e-parent\" data-id=\"3ea0824\" data-element_type=\"container\" data-e-type=\"container\" data-settings=\"{&quot;jet_parallax_layout_list&quot;:[]}\">\n\t\t\t\t\t<div class=\"e-con-inner\">\n\t\t\t\t<div class=\"elementor-element elementor-element-7eb9a16 elementor-widget elementor-widget-image\" data-id=\"7eb9a16\" data-element_type=\"widget\" data-e-type=\"widget\" data-widget_type=\"image.default\">\n\t\t\t\t\t\t\t\t\t\t\t\t\t\t\t<img fetchpriority=\"high\" decoding=\"async\" width=\"300\" height=\"300\" src=\"https:\/\/www.laundrykata.com\/wp-content\/uploads\/2024\/07\/logo-laundrybox-300x300.png\" class=\"attachment-medium size-medium wp-image-1608\" alt=\"\" srcset=\"https:\/\/www.laundrykata.com\/wp-content\/uploads\/2024\/07\/logo-laundrybox-300x300.png 300w, https:\/\/www.laundrykata.com\/wp-content\/uploads\/2024\/07\/logo-laundrybox-150x150.png 150w, https:\/\/www.laundrykata.com\/wp-content\/uploads\/2024\/07\/logo-laundrybox-230x230.png 230w, https:\/\/www.laundrykata.com\/wp-content\/uploads\/2024\/07\/logo-laundrybox-400x400.png 400w, https:\/\/www.laundrykata.com\/wp-content\/uploads\/2024\/07\/logo-laundrybox.png 512w\" sizes=\"(max-width: 300px) 100vw, 300px\" \/>\t\t\t\t\t\t\t\t\t\t\t\t\t\t\t<\/div>\n\t\t\t\t<div class=\"elementor-element elementor-element-f95e9ae elementor-widget__width-inherit elementor-widget elementor-widget-text-editor\" data-id=\"f95e9ae\" data-element_type=\"widget\" data-e-type=\"widget\" data-widget_type=\"text-editor.default\">\n\t\t\t\t\t\t\t\t\t<p>~ Fresh - Fast - Clean ~<br \/>~ Eur\u00f3pske normy a kvalita ~<br \/>~ Pr\u00e9miov\u00e9 slu\u017eby pr\u00e1\u010dovne ~<\/p>\t\t\t\t\t\t\t\t<\/div>\n\t\t\t\t\t<\/div>\n\t\t\t\t<\/div>\n\t\t<div class=\"elementor-element elementor-element-8495b5e jedv-enabled--yes e-flex e-con-boxed e-con e-parent\" data-id=\"8495b5e\" data-element_type=\"container\" data-e-type=\"container\" data-settings=\"{&quot;jet_parallax_layout_list&quot;:[]}\">\n\t\t\t\t\t<div class=\"e-con-inner\">\n\t\t\t\t<div class=\"elementor-element elementor-element-6c765ee elementor-widget__width-inherit elementor-widget elementor-widget-heading\" data-id=\"6c765ee\" data-element_type=\"widget\" data-e-type=\"widget\" data-widget_type=\"heading.default\">\n\t\t\t\t\t<h2 class=\"elementor-heading-title elementor-size-default\">Pokyny<\/h2>\t\t\t\t<\/div>\n\t\t\t\t<div class=\"elementor-element elementor-element-164baf2 elementor-widget elementor-widget-jet-timeline\" data-id=\"164baf2\" data-element_type=\"widget\" data-e-type=\"widget\" data-widget_type=\"jet-timeline.default\">\n\t\t\t\t<div class=\"elementor-widget-container\">\n\t\t\t\t\t<div class=\"elementor-jet-timeline jet-elements\"><div class=\"jet-timeline jet-timeline--align-center jet-timeline--align-middle\">\n\t<div class=\"jet-timeline__line\"><div class=\"jet-timeline__line-progress\"><\/div><\/div>\n\t<div class=\"jet-timeline-list\"><div class=\"jet-timeline-item  elementor-repeater-item-29b7d45 jet-timeline-item--image-inside\">\n\t<div class=\"timeline-item__card\">\n\t\t<div class=\"timeline-item__card-inner\">\n\t\t\t\t\t\t\t\t<div class=\"timeline-item__card-content\">\n\t\t\t\t\t<div class=\"timeline-item__meta\"><\/div><h5 class=\"timeline-item__card-title\">Otvorenie pr\u00e1zdnej (odomknutej) skrinky<\/h5><div class=\"timeline-item__card-desc\">\n<\/div>\t\t\t\t<\/div>\n\t\t\t\t\t\t<\/div>\n\t\t<div class=\"timeline-item__card-arrow\"><\/div>\n\t<\/div>\n\t<div class=\"timeline-item__point\"><div class=\"timeline-item__point-content timeline-item__point-content--text\">1.<\/div><\/div><div class=\"timeline-item__meta\"><\/div><\/div><div class=\"jet-timeline-item  elementor-repeater-item-f611183 jet-timeline-item--image-inside\">\n\t<div class=\"timeline-item__card\">\n\t\t<div class=\"timeline-item__card-inner\">\n\t\t\t\t\t\t\t\t<div class=\"timeline-item__card-content\">\n\t\t\t\t\t<div class=\"timeline-item__meta\"><\/div><h5 class=\"timeline-item__card-title\">Rozhodnite sa medzi slu\u017ebou PREMIUM a BASIC<\/h5><div class=\"timeline-item__card-desc\"><b>PREMIUM<\/b> znamen\u00e1, \u017ee budeme starostlivo <b>PRANIE + \u017dEHLENIE + SKLADANIE<\/b> va\u0161e oble\u010denie, cena je <b>120<\/b> baht za kilogram<br><br>\n<b>Z\u00c1KLADN\u00c9<\/b> znamen\u00e1, \u017ee budeme (aj opatrne) <b>Um\u00fdvanie a su\u0161enie<\/b>  va\u0161e oble\u010denie, cena je <b>60<\/b> bahtov za kilogram. \n<\/div>\t\t\t\t<\/div>\n\t\t\t\t\t\t<\/div>\n\t\t<div class=\"timeline-item__card-arrow\"><\/div>\n\t<\/div>\n\t<div class=\"timeline-item__point\"><div class=\"timeline-item__point-content timeline-item__point-content--text\">2.<\/div><\/div><div class=\"timeline-item__meta\"><\/div><\/div><div class=\"jet-timeline-item  elementor-repeater-item-d81e7a3 jet-timeline-item--image-inside\">\n\t<div class=\"timeline-item__card\">\n\t\t<div class=\"timeline-item__card-inner\">\n\t\t\t\t\t\t\t\t<div class=\"timeline-item__card-content\">\n\t\t\t\t\t<div class=\"timeline-item__meta\"><\/div><h5 class=\"timeline-item__card-title\">Naskenujte pr\u00edslu\u0161n\u00fd k\u00f3d QR pomocou telef\u00f3nu<\/h5><div class=\"timeline-item__card-desc\"><b style=\"color:red\">\u010cERVEN\u00c1<\/b> farebn\u00fd QR k\u00f3d je pre PREMIUM <b>WASH + IRON<\/b><br><br>\n<b style=\"color:blue\">MODR\u00c1<\/b> farba je pre <b>IBA UM\u00ddVANIE<\/b><br><br>\nVypl\u0148te formul\u00e1r v telef\u00f3ne a kliknite na tla\u010didlo <b>\"Odosla\u0165\"<\/b><\/div>\t\t\t\t<\/div>\n\t\t\t\t\t\t<\/div>\n\t\t<div class=\"timeline-item__card-arrow\"><\/div>\n\t<\/div>\n\t<div class=\"timeline-item__point\"><div class=\"timeline-item__point-content timeline-item__point-content--text\">3.<\/div><\/div><div class=\"timeline-item__meta\"><\/div><\/div><div class=\"jet-timeline-item  elementor-repeater-item-618a414 jet-timeline-item--image-inside\">\n\t<div class=\"timeline-item__card\">\n\t\t<div class=\"timeline-item__card-inner\">\n\t\t\t\t\t\t\t\t<div class=\"timeline-item__card-content\">\n\t\t\t\t\t<div class=\"timeline-item__meta\"><\/div><h5 class=\"timeline-item__card-title\">Take the bag from the locker and fill it with your laundry. As much as you can \ud83d\ude42<\/h5><div class=\"timeline-item__card-desc\">Jedna ta\u0161ka v z\u00e1suvke pojme v priemere 2 kg oble\u010denia.<br><br>\n<b>Do ka\u017edej naplnenej ta\u0161ky vlo\u017ete 120 bahtov za pranie alebo 240 bahtov za pranie a \u017eehlenie.<\/b><br><br>Vlo\u017ete ta\u0161ky do skrinky a zamknite ju (k\u00f3d na z\u00e1mku je rovnak\u00fd ako \u010d\u00edslo skrinky).<\/div>\t\t\t\t<\/div>\n\t\t\t\t\t\t<\/div>\n\t\t<div class=\"timeline-item__card-arrow\"><\/div>\n\t<\/div>\n\t<div class=\"timeline-item__point\"><div class=\"timeline-item__point-content timeline-item__point-content--text\">4.<\/div><\/div><div class=\"timeline-item__meta\"><\/div><\/div><div class=\"jet-timeline-item  elementor-repeater-item-2446a82 jet-timeline-item--image-inside\">\n\t<div class=\"timeline-item__card\">\n\t\t<div class=\"timeline-item__card-inner\">\n\t\t\t\t\t\t\t\t<div class=\"timeline-item__card-content\">\n\t\t\t\t\t<div class=\"timeline-item__meta\"><\/div><h5 class=\"timeline-item__card-title\">Jednoduch\u00e9 ako to<\/h5><div class=\"timeline-item__card-desc\">Na druh\u00fd de\u0148 v\u00e1m po\u0161leme spr\u00e1vu, kedy si m\u00f4\u017eete vyzdvihn\u00fa\u0165 \u010dist\u00fa a \u010derstv\u00fa bielize\u0148 z tej istej skrinky, zvy\u010dajne po 17.00 hodine. <br><br><b>\nKe\u010f si vezmete bielize\u0148, nezabudnite, PROS\u00cdM, vr\u00e1ti\u0165 z\u00e1mok sp\u00e4\u0165 do skrinky.<\/b><br><br>Ak ste si vybrali na\u0161u slu\u017ebu pr\u00e9miov\u00e9ho doru\u010denia, po\u0161leme v\u00e1m spr\u00e1vu, kedy si m\u00f4\u017eete bielize\u0148 vyzdvihn\u00fa\u0165 na recepcii hotela.<br><br><b>Pre istotu si odfo\u0165te na\u0161e \u010d\u00edslo na WhatsApp \/ Line \/ Telegram, aby ste n\u00e1m mohli v pr\u00edpade potreby zavola\u0165: +66 987 155 201.<\/b><\/div>\t\t\t\t<\/div>\n\t\t\t\t\t\t<\/div>\n\t\t<div class=\"timeline-item__card-arrow\"><\/div>\n\t<\/div>\n\t<div class=\"timeline-item__point\"><div class=\"timeline-item__point-content timeline-item__point-content--text\">\ud83d\ude09<\/div><\/div><div class=\"timeline-item__meta\"><\/div><\/div><div class=\"jet-timeline-item  elementor-repeater-item-7642e3d jet-timeline-item--image-inside\">\n\t<div class=\"timeline-item__card\">\n\t\t<div class=\"timeline-item__card-inner\">\n\t\t\t\t\t\t\t\t<div class=\"timeline-item__card-content\">\n\t\t\t\t\t<div class=\"timeline-item__meta\"><\/div><h5 class=\"timeline-item__card-title\">Snap, Review, Save!<\/h5><div class=\"timeline-item__card-desc\">Vyfo\u0165te sa s na\u0161\u00edm LaundryBoxom, zanechajte n\u00e1m recenziu v slu\u017ebe Google s fotografiou a po\u0161lite n\u00e1m ju. Dostanete propaga\u010dn\u00fd k\u00f3d 50% na z\u013eavu z \u010fal\u0161\u00edch slu\u017eieb LaundryBox!<br><br>Sta\u010d\u00ed prida\u0165 propaga\u010dn\u00fd k\u00f3d k \u010fal\u0161ej objedn\u00e1vke.<\/div>\t\t\t\t<\/div>\n\t\t\t\t\t\t<\/div>\n\t\t<div class=\"timeline-item__card-arrow\"><\/div>\n\t<\/div>\n\t<div class=\"timeline-item__point\"><div class=\"timeline-item__point-content timeline-item__point-content--text\">\u270c\ufe0f<\/div><\/div><div class=\"timeline-item__meta\"><\/div><\/div><\/div><\/div><\/div>\t\t\t\t<\/div>\n\t\t\t\t<\/div>\n\t\t\t\t\t<\/div>\n\t\t\t\t<\/div>\n\t\t<div class=\"elementor-element elementor-element-e0a0924 jedv-enabled--yes e-flex e-con-boxed e-con e-parent\" data-id=\"e0a0924\" data-element_type=\"container\" data-e-type=\"container\" data-settings=\"{&quot;jet_parallax_layout_list&quot;:[]}\">\n\t\t\t\t\t<div class=\"e-con-inner\">\n\t\t<div class=\"elementor-element elementor-element-4ebc13f e-con-full e-flex e-con e-child\" data-id=\"4ebc13f\" data-element_type=\"container\" data-e-type=\"container\" data-settings=\"{&quot;jet_parallax_layout_list&quot;:[]}\">\n\t\t\t\t<div class=\"elementor-element elementor-element-43e2317 elementor-widget__width-inherit elementor-widget elementor-widget-heading\" data-id=\"43e2317\" data-element_type=\"widget\" data-e-type=\"widget\" data-widget_type=\"heading.default\">\n\t\t\t\t\t<h2 class=\"elementor-heading-title elementor-size-default\">Kontakt<\/h2>\t\t\t\t<\/div>\n\t\t\t\t<div class=\"elementor-element elementor-element-7014a0f elementor-widget__width-inherit elementor-shape-rounded elementor-grid-0 e-grid-align-center elementor-widget elementor-widget-social-icons\" data-id=\"7014a0f\" data-element_type=\"widget\" data-e-type=\"widget\" data-widget_type=\"social-icons.default\">\n\t\t\t\t\t\t\t<div class=\"elementor-social-icons-wrapper elementor-grid\" role=\"list\">\n\t\t\t\t\t\t\t<span class=\"elementor-grid-item\" role=\"listitem\">\n\t\t\t\t\t<a class=\"elementor-icon elementor-social-icon elementor-social-icon-whatsapp elementor-repeater-item-a65e73e\" href=\"https:\/\/wa.me\/66987155201\" target=\"_blank\">\n\t\t\t\t\t\t<span class=\"elementor-screen-only\">Whatsapp<\/span>\n\t\t\t\t\t\t<svg aria-hidden=\"true\" class=\"e-font-icon-svg e-fab-whatsapp\" viewbox=\"0 0 448 512\" xmlns=\"http:\/\/www.w3.org\/2000\/svg\"><path d=\"M380.9 97.1C339 55.1 283.2 32 223.9 32c-122.4 0-222 99.6-222 222 0 39.1 10.2 77.3 29.6 111L0 480l117.7-30.9c32.4 17.7 68.9 27 106.1 27h.1c122.3 0 224.1-99.6 224.1-222 0-59.3-25.2-115-67.1-157zm-157 341.6c-33.2 0-65.7-8.9-94-25.7l-6.7-4-69.8 18.3L72 359.2l-4.4-7c-18.5-29.4-28.2-63.3-28.2-98.2 0-101.7 82.8-184.5 184.6-184.5 49.3 0 95.6 19.2 130.4 54.1 34.8 34.9 56.2 81.2 56.1 130.5 0 101.8-84.9 184.6-186.6 184.6zm101.2-138.2c-5.5-2.8-32.8-16.2-37.9-18-5.1-1.9-8.8-2.8-12.5 2.8-3.7 5.6-14.3 18-17.6 21.8-3.2 3.7-6.5 4.2-12 1.4-32.6-16.3-54-29.1-75.5-66-5.7-9.8 5.7-9.1 16.3-30.3 1.8-3.7.9-6.9-.5-9.7-1.4-2.8-12.5-30.1-17.1-41.2-4.5-10.8-9.1-9.3-12.5-9.5-3.2-.2-6.9-.2-10.6-.2-3.7 0-9.7 1.4-14.8 6.9-5.1 5.6-19.4 19-19.4 46.3 0 27.3 19.9 53.7 22.6 57.4 2.8 3.7 39.1 59.7 94.8 83.8 35.2 15.2 49 16.5 66.6 13.9 10.7-1.6 32.8-13.4 37.4-26.4 4.6-13 4.6-24.1 3.2-26.4-1.3-2.5-5-3.9-10.5-6.6z\"><\/path><\/svg>\t\t\t\t\t<\/a>\n\t\t\t\t<\/span>\n\t\t\t\t\t\t\t<span class=\"elementor-grid-item\" role=\"listitem\">\n\t\t\t\t\t<a class=\"elementor-icon elementor-social-icon elementor-social-icon-line elementor-repeater-item-d982270\" href=\"https:\/\/line.me\/ti\/p\/~66987155201\" target=\"_blank\">\n\t\t\t\t\t\t<span class=\"elementor-screen-only\">Riadok<\/span>\n\t\t\t\t\t\t<svg aria-hidden=\"true\" class=\"e-font-icon-svg e-fab-line\" viewbox=\"0 0 448 512\" xmlns=\"http:\/\/www.w3.org\/2000\/svg\"><path d=\"M272.1 204.2v71.1c0 1.8-1.4 3.2-3.2 3.2h-11.4c-1.1 0-2.1-.6-2.6-1.3l-32.6-44v42.2c0 1.8-1.4 3.2-3.2 3.2h-11.4c-1.8 0-3.2-1.4-3.2-3.2v-71.1c0-1.8 1.4-3.2 3.2-3.2H219c1 0 2.1.5 2.6 1.4l32.6 44v-42.2c0-1.8 1.4-3.2 3.2-3.2h11.4c1.8-.1 3.3 1.4 3.3 3.1zm-82-3.2h-11.4c-1.8 0-3.2 1.4-3.2 3.2v71.1c0 1.8 1.4 3.2 3.2 3.2h11.4c1.8 0 3.2-1.4 3.2-3.2v-71.1c0-1.7-1.4-3.2-3.2-3.2zm-27.5 59.6h-31.1v-56.4c0-1.8-1.4-3.2-3.2-3.2h-11.4c-1.8 0-3.2 1.4-3.2 3.2v71.1c0 .9.3 1.6.9 2.2.6.5 1.3.9 2.2.9h45.7c1.8 0 3.2-1.4 3.2-3.2v-11.4c0-1.7-1.4-3.2-3.1-3.2zM332.1 201h-45.7c-1.7 0-3.2 1.4-3.2 3.2v71.1c0 1.7 1.4 3.2 3.2 3.2h45.7c1.8 0 3.2-1.4 3.2-3.2v-11.4c0-1.8-1.4-3.2-3.2-3.2H301v-12h31.1c1.8 0 3.2-1.4 3.2-3.2V234c0-1.8-1.4-3.2-3.2-3.2H301v-12h31.1c1.8 0 3.2-1.4 3.2-3.2v-11.4c-.1-1.7-1.5-3.2-3.2-3.2zM448 113.7V399c-.1 44.8-36.8 81.1-81.7 81H81c-44.8-.1-81.1-36.9-81-81.7V113c.1-44.8 36.9-81.1 81.7-81H367c44.8.1 81.1 36.8 81 81.7zm-61.6 122.6c0-73-73.2-132.4-163.1-132.4-89.9 0-163.1 59.4-163.1 132.4 0 65.4 58 120.2 136.4 130.6 19.1 4.1 16.9 11.1 12.6 36.8-.7 4.1-3.3 16.1 14.1 8.8 17.4-7.3 93.9-55.3 128.2-94.7 23.6-26 34.9-52.3 34.9-81.5z\"><\/path><\/svg>\t\t\t\t\t<\/a>\n\t\t\t\t<\/span>\n\t\t\t\t\t\t\t<span class=\"elementor-grid-item\" role=\"listitem\">\n\t\t\t\t\t<a class=\"elementor-icon elementor-social-icon elementor-social-icon-telegram elementor-repeater-item-3044e29\" href=\"https:\/\/t.me\/+66987155201\" target=\"_blank\">\n\t\t\t\t\t\t<span class=\"elementor-screen-only\">Telegram<\/span>\n\t\t\t\t\t\t<svg aria-hidden=\"true\" class=\"e-font-icon-svg e-fab-telegram\" viewbox=\"0 0 496 512\" xmlns=\"http:\/\/www.w3.org\/2000\/svg\"><path d=\"M248 8C111 8 0 119 0 256s111 248 248 248 248-111 248-248S385 8 248 8zm121.8 169.9l-40.7 191.8c-3 13.6-11.1 16.9-22.4 10.5l-62-45.7-29.9 28.8c-3.3 3.3-6.1 6.1-12.5 6.1l4.4-63.1 114.9-103.8c5-4.4-1.1-6.9-7.7-2.5l-142 89.4-61.2-19.1c-13.3-4.2-13.6-13.3 2.8-19.7l239.1-92.2c11.1-4 20.8 2.7 17.2 19.5z\"><\/path><\/svg>\t\t\t\t\t<\/a>\n\t\t\t\t<\/span>\n\t\t\t\t\t<\/div>\n\t\t\t\t\t\t<\/div>\n\t\t\t\t<div class=\"elementor-element elementor-element-4c99ccf elementor-widget__width-inherit elementor-widget elementor-widget-text-editor\" data-id=\"4c99ccf\" data-element_type=\"widget\" data-e-type=\"widget\" data-widget_type=\"text-editor.default\">\n\t\t\t\t\t\t\t\t\t<p><a style=\"color: white;\" href=\"tel:+66987155201\">+66 987 155 201<\/a><\/p>\t\t\t\t\t\t\t\t<\/div>\n\t\t\t\t<\/div>\n\t\t<div class=\"elementor-element elementor-element-c8865fe e-flex e-con-boxed e-con e-child\" data-id=\"c8865fe\" data-element_type=\"container\" data-e-type=\"container\" data-settings=\"{&quot;jet_parallax_layout_list&quot;:[]}\">\n\t\t\t\t\t<div class=\"e-con-inner\">\n\t\t\t\t<div class=\"elementor-element elementor-element-1996b93 elementor-widget elementor-widget-google_maps\" data-id=\"1996b93\" data-element_type=\"widget\" data-e-type=\"widget\" data-widget_type=\"google_maps.default\">\n\t\t\t\t\t\t\t<div class=\"elementor-custom-embed\">\n\t\t\t<iframe loading=\"lazy\"\n\t\t\t\t\tsrc=\"https:\/\/maps.google.com\/maps?q=Bestin%20Karon%201%2C%20224%2F9%20Karon%20Rd%2C%20Karon%2C%20Phuket%2083100%2C%20Thailand&#038;t=m&#038;z=16&#038;output=embed&#038;iwloc=near\"\n\t\t\t\t\ttitle=\"Bestin Karon 1, 224\/9 Karon Rd, Karon, Phuket 83100, Thajsko\"\n\t\t\t\t\taria-label=\"Bestin Karon 1, 224\/9 Karon Rd, Karon, Phuket 83100, Thajsko\"\n\t\t\t><\/iframe>\n\t\t<\/div>\n\t\t\t\t\t\t<\/div>\n\t\t\t\t\t<\/div>\n\t\t\t\t<\/div>\n\t\t\t\t\t<\/div>\n\t\t\t\t<\/div>\n\t\t<div class=\"elementor-element elementor-element-8c2f29f e-flex e-con-boxed e-con e-parent\" data-id=\"8c2f29f\" data-element_type=\"container\" data-e-type=\"container\" data-settings=\"{&quot;jet_parallax_layout_list&quot;:[]}\">\n\t\t\t\t\t<div class=\"e-con-inner\">\n\t\t\t\t<div class=\"elementor-element elementor-element-6cecb07 elementor-widget elementor-widget-html\" data-id=\"6cecb07\" data-element_type=\"widget\" data-e-type=\"widget\" data-widget_type=\"html.default\">\n\t\t\t\t\t<script>\n\/\/ Set body backgroundColor\nfunction getQueryParam(param) {\n    const urlParams = new URLSearchParams(window.location.search);\n    return urlParams.get(param);\n}\n\nconst sValue = getQueryParam('s');\n\nif (sValue === '2') {\n    document.body.style.backgroundImage = 'linear-gradient(0deg, rgb(255, 0, 0) 0%, rgb(255, 77, 77) 100%)';\n}\n<\/script>\t\t\t\t<\/div>\n\t\t\t\t\t<\/div>\n\t\t\t\t<\/div>\n\t\t\t\t<\/div>","protected":false},"excerpt":{"rendered":"<p>~ Fresh &#8211; Fast &#8211; Clean ~~ European standards and quality ~~ Premium laundry services ~ Instructions Open the empty (unlocked) locker 1. Decide between PREMIUM and BASIC service PREMIUM means we will carefully WASH + IRON + FOLD your clothes, price is 120 baht per kilogram BASIC means we will (also carefully) WASH and [&hellip;]<\/p>\n","protected":false},"author":1,"featured_media":0,"parent":0,"menu_order":0,"comment_status":"closed","ping_status":"closed","template":"elementor_canvas","meta":{"footnotes":""},"class_list":["post-1520","page","type-page","status-publish","hentry"],"_links":{"self":[{"href":"https:\/\/www.laundrykata.com\/sk\/wp-json\/wp\/v2\/pages\/1520","targetHints":{"allow":["GET"]}}],"collection":[{"href":"https:\/\/www.laundrykata.com\/sk\/wp-json\/wp\/v2\/pages"}],"about":[{"href":"https:\/\/www.laundrykata.com\/sk\/wp-json\/wp\/v2\/types\/page"}],"author":[{"embeddable":true,"href":"https:\/\/www.laundrykata.com\/sk\/wp-json\/wp\/v2\/users\/1"}],"replies":[{"embeddable":true,"href":"https:\/\/www.laundrykata.com\/sk\/wp-json\/wp\/v2\/comments?post=1520"}],"version-history":[{"count":217,"href":"https:\/\/www.laundrykata.com\/sk\/wp-json\/wp\/v2\/pages\/1520\/revisions"}],"predecessor-version":[{"id":2364,"href":"https:\/\/www.laundrykata.com\/sk\/wp-json\/wp\/v2\/pages\/1520\/revisions\/2364"}],"wp:attachment":[{"href":"https:\/\/www.laundrykata.com\/sk\/wp-json\/wp\/v2\/media?parent=1520"}],"curies":[{"name":"wp","href":"https:\/\/api.w.org\/{rel}","templated":true}]}}