{"id":2059,"date":"2024-11-29T08:36:41","date_gmt":"2024-11-29T08:36:41","guid":{"rendered":"https:\/\/www.laundrykata.com\/?page_id=2059"},"modified":"2025-01-30T08:27:22","modified_gmt":"2025-01-30T08:27:22","slug":"blog","status":"publish","type":"page","link":"https:\/\/www.laundrykata.com\/sk\/blog\/","title":{"rendered":"N\u00e1\u0161 blog o pr\u00e1\u010dovni (v Karone a v\u0161eobecne)"},"content":{"rendered":"<div data-elementor-type=\"wp-page\" data-elementor-id=\"2059\" class=\"elementor elementor-2059\">\n\t\t\t\t<div class=\"elementor-element elementor-element-4a3a5c3 e-flex e-con-boxed e-con e-parent\" data-id=\"4a3a5c3\" data-element_type=\"container\" data-e-type=\"container\" data-settings=\"{&quot;jet_parallax_layout_list&quot;:[]}\">\n\t\t\t\t\t<div class=\"e-con-inner\">\n\t\t\t\t<div class=\"elementor-element elementor-element-95d179e elementor-widget elementor-widget-jet-posts\" data-id=\"95d179e\" data-element_type=\"widget\" data-e-type=\"widget\" data-settings=\"{&quot;columns&quot;:3,&quot;slides_to_scroll&quot;:&quot;1&quot;}\" data-widget_type=\"jet-posts.default\">\n\t\t\t\t<div class=\"elementor-widget-container\">\n\t\t\t\t\t<div class=\"elementor-jet-posts jet-elements\"><div class=\"jet-posts col-row\"><div class=\"jet-posts__item\">\n\t<div class=\"jet-posts__inner-box\"><div class=\"post-thumbnail\"><a href=\"https:\/\/www.laundrykata.com\/sk\/navod-na-zehlenie-bielizne\/\" class=\"post-thumbnail__link\"><img loading=\"lazy\" decoding=\"async\" class=\"post-thumbnail__img wp-post-image\" src=\"https:\/\/www.laundrykata.com\/wp-content\/uploads\/2025\/06\/ironing-370x265.png\" alt=\"Starostlivos\u0165 o bielize\u0148 - pokyny na \u017eehlenie\" width=\"370\" height=\"265\"><\/a><\/div><div class=\"jet-posts__inner-content\"><h2 class=\"entry-title\"><a href=\"https:\/\/www.laundrykata.com\/sk\/navod-na-zehlenie-bielizne\/\" target=\"\">Starostlivos\u0165 o bielize\u0148 - pokyny na \u017eehlenie<\/a><\/h2><div class=\"post-meta\"><span class=\"posted-by post-meta__item\">Pridal <a href=\"https:\/\/www.laundrykata.com\/sk\/author\/sura\/\"  class=\"posted-by__author\" rel=\"author\">Alexandra F<\/a><\/span><span class=\"post__date post-meta__item\"><a href=\"https:\/\/www.laundrykata.com\/sk\/2025\/06\/10\/\"  class=\"post__date-link\" ><time datetime=\"2025-06-10T07:43:58+00:00\" title=\"2025-06-10T07:43:58+00:00\">10 j\u00fana, 2025<\/time><\/a><\/span><span class=\"post__comments post-meta__item\">Koment\u00e1re: <a href=\"https:\/\/www.laundrykata.com\/sk\/navod-na-zehlenie-bielizne\/#respond\"  class=\"post__comments-link\">0<\/a><\/span><\/div><div class=\"entry-excerpt\">Jednoduch\u00e9 \u017eehlenie bez stresu \u010ci u\u017e pova\u017eujete \u017eehlenie za \u00fanavn\u00fa povinnos\u0165, alebo za upokojuj\u00faci ritu\u00e1l, pomocou...<\/div><div class=\"jet-more-wrap\"><a href=\"https:\/\/www.laundrykata.com\/sk\/navod-na-zehlenie-bielizne\/\" class=\"btn btn-primary elementor-button elementor-size-md jet-more\" target=\"\"><span class=\"btn__text\">\u010c\u00edtajte viac<\/span><\/a><\/div><\/div><\/div>\n<\/div>\n<div class=\"jet-posts__item\">\n\t<div class=\"jet-posts__inner-box\"><div class=\"post-thumbnail\"><a href=\"https:\/\/www.laundrykata.com\/sk\/navod-na-susenie-bielizne\/\" class=\"post-thumbnail__link\"><img loading=\"lazy\" decoding=\"async\" class=\"post-thumbnail__img wp-post-image\" src=\"https:\/\/www.laundrykata.com\/wp-content\/uploads\/2025\/03\/9-370x265.png\" alt=\"Starostlivos\u0165 o bielize\u0148 - pokyny na su\u0161enie\" width=\"370\" height=\"265\"><\/a><\/div><div class=\"jet-posts__inner-content\"><h2 class=\"entry-title\"><a href=\"https:\/\/www.laundrykata.com\/sk\/navod-na-susenie-bielizne\/\" target=\"\">Starostlivos\u0165 o bielize\u0148 - pokyny na su\u0161enie<\/a><\/h2><div class=\"post-meta\"><span class=\"posted-by post-meta__item\">Pridal <a href=\"https:\/\/www.laundrykata.com\/sk\/author\/sura\/\"  class=\"posted-by__author\" rel=\"author\">Alexandra F<\/a><\/span><span class=\"post__date post-meta__item\"><a href=\"https:\/\/www.laundrykata.com\/sk\/2025\/03\/04\/\"  class=\"post__date-link\" ><time datetime=\"2025-03-04T12:24:11+00:00\" title=\"2025-03-04T12:24:11+00:00\">4 marca, 2025<\/time><\/a><\/span><span class=\"post__comments post-meta__item\">Koment\u00e1re: <a href=\"https:\/\/www.laundrykata.com\/sk\/navod-na-susenie-bielizne\/#respond\"  class=\"post__comments-link\">0<\/a><\/span><\/div><div class=\"entry-excerpt\">Tu je \u010fal\u0161ia u\u017eito\u010dn\u00e1 pr\u00edru\u010dka. Je \u010doraz viac symbolov, ktor\u00fdm mus\u00edme rozumie\u0165, aby sme mohli...<\/div><div class=\"jet-more-wrap\"><a href=\"https:\/\/www.laundrykata.com\/sk\/navod-na-susenie-bielizne\/\" class=\"btn btn-primary elementor-button elementor-size-md jet-more\" target=\"\"><span class=\"btn__text\">\u010c\u00edtajte viac<\/span><\/a><\/div><\/div><\/div>\n<\/div>\n<div class=\"jet-posts__item\">\n\t<div class=\"jet-posts__inner-box\"><div class=\"post-thumbnail\"><a href=\"https:\/\/www.laundrykata.com\/sk\/pokyny-na-pranie-a-starostlivost-o-bielizen\/\" class=\"post-thumbnail__link\"><img loading=\"lazy\" decoding=\"async\" class=\"post-thumbnail__img wp-post-image\" src=\"https:\/\/www.laundrykata.com\/wp-content\/uploads\/2025\/02\/7-370x265.png\" alt=\"Starostlivos\u0165 o bielize\u0148 - pokyny na pranie\" width=\"370\" height=\"265\"><\/a><\/div><div class=\"jet-posts__inner-content\"><h2 class=\"entry-title\"><a href=\"https:\/\/www.laundrykata.com\/sk\/pokyny-na-pranie-a-starostlivost-o-bielizen\/\" target=\"\">Starostlivos\u0165 o bielize\u0148 - pokyny na pranie<\/a><\/h2><div class=\"post-meta\"><span class=\"posted-by post-meta__item\">Pridal <a href=\"https:\/\/www.laundrykata.com\/sk\/author\/sura\/\"  class=\"posted-by__author\" rel=\"author\">Alexandra F<\/a><\/span><span class=\"post__date post-meta__item\"><a href=\"https:\/\/www.laundrykata.com\/sk\/2025\/02\/04\/\"  class=\"post__date-link\" ><time datetime=\"2025-02-04T08:16:54+00:00\" title=\"2025-02-04T08:16:54+00:00\">4. febru\u00e1ra 2025<\/time><\/a><\/span><span class=\"post__comments post-meta__item\">Koment\u00e1re: <a href=\"https:\/\/www.laundrykata.com\/sk\/pokyny-na-pranie-a-starostlivost-o-bielizen\/#respond\"  class=\"post__comments-link\">0<\/a><\/span><\/div><div class=\"entry-excerpt\">Aby bolo na\u0161e oble\u010denie v \u010do najlep\u0161om stave, je nevyhnutn\u00e9 porozumie\u0165 symbolom starostlivosti o bielize\u0148. Tieto symboly...<\/div><div class=\"jet-more-wrap\"><a href=\"https:\/\/www.laundrykata.com\/sk\/pokyny-na-pranie-a-starostlivost-o-bielizen\/\" class=\"btn btn-primary elementor-button elementor-size-md jet-more\" target=\"\"><span class=\"btn__text\">\u010c\u00edtajte viac<\/span><\/a><\/div><\/div><\/div>\n<\/div>\n<\/div>\n<\/div>\t\t\t\t<\/div>\n\t\t\t\t<\/div>\n\t\t\t\t\t<\/div>\n\t\t\t\t<\/div>\n\t\t\t\t<\/div>","protected":false},"excerpt":{"rendered":"<p>pokus Posted by romanJanuary 30, 2025Comments: 0pokus 2Read More Stains? Not anymore! Posted by Alexandra FJanuary 9, 2025Comments: 0We know, that stains sucks&#8230; Who would like a stain on their favorite clothes?\u00a0 Accidents happen, however, and that\u00b4s why&hellip;Read More How Laundry Karon started Posted by romanJanuary 4, 2025Comments: 0It all started by coincidence. Our other [&hellip;]<\/p>\n","protected":false},"author":3,"featured_media":0,"parent":0,"menu_order":0,"comment_status":"closed","ping_status":"closed","template":"","meta":{"footnotes":""},"class_list":["post-2059","page","type-page","status-publish","hentry"],"_links":{"self":[{"href":"https:\/\/www.laundrykata.com\/sk\/wp-json\/wp\/v2\/pages\/2059","targetHints":{"allow":["GET"]}}],"collection":[{"href":"https:\/\/www.laundrykata.com\/sk\/wp-json\/wp\/v2\/pages"}],"about":[{"href":"https:\/\/www.laundrykata.com\/sk\/wp-json\/wp\/v2\/types\/page"}],"author":[{"embeddable":true,"href":"https:\/\/www.laundrykata.com\/sk\/wp-json\/wp\/v2\/users\/3"}],"replies":[{"embeddable":true,"href":"https:\/\/www.laundrykata.com\/sk\/wp-json\/wp\/v2\/comments?post=2059"}],"version-history":[{"count":17,"href":"https:\/\/www.laundrykata.com\/sk\/wp-json\/wp\/v2\/pages\/2059\/revisions"}],"predecessor-version":[{"id":2406,"href":"https:\/\/www.laundrykata.com\/sk\/wp-json\/wp\/v2\/pages\/2059\/revisions\/2406"}],"wp:attachment":[{"href":"https:\/\/www.laundrykata.com\/sk\/wp-json\/wp\/v2\/media?parent=2059"}],"curies":[{"name":"wp","href":"https:\/\/api.w.org\/{rel}","templated":true}]}}